{"id":1072,"date":"2018-09-02T19:44:56","date_gmt":"2018-09-02T19:44:56","guid":{"rendered":"https:\/\/www.parquealdama.org.mx\/?page_id=1072"},"modified":"2018-09-04T02:10:47","modified_gmt":"2018-09-04T02:10:47","slug":"uso-del-parque","status":"publish","type":"page","link":"https:\/\/www.parquealdama.org.mx\/?page_id=1072","title":{"rendered":"Uso del Parque"},"content":{"rendered":"<h2><span style=\"color: #ff6600;\"><strong>Uso del Centro de Trabajo y Taller de Oficios del Parque<\/strong><\/span><\/h2>\n<p>Para los organismos del Movimiento Humanista, para miembros de El Mensaje y para invitados. Siempre se deben hacer reservas por anticipado.<\/p>\n<h3><img loading=\"lazy\" decoding=\"async\" class=\"alignnone size-medium wp-image-1112\" src=\"https:\/\/www.parquealdama.org.mx-content\/uploads\/2018\/09\/centro-de-t-300x180.jpg\" alt=\"\" width=\"300\" height=\"180\" srcset=\"https:\/\/www.parquealdama.org.mx\/wp-content\/uploads\/2018\/09\/centro-de-t-300x180.jpg 300w, https:\/\/www.parquealdama.org.mx\/wp-content\/uploads\/2018\/09\/centro-de-t-768x461.jpg 768w, https:\/\/www.parquealdama.org.mx\/wp-content\/uploads\/2018\/09\/centro-de-t-1024x614.jpg 1024w, https:\/\/www.parquealdama.org.mx\/wp-content\/uploads\/2018\/09\/centro-de-t.jpg 2048w\" sizes=\"(max-width: 300px) 100vw, 300px\" \/><\/h3>\n<h2><strong><span style=\"color: #ff6600;\">\u200b<\/span><\/strong><\/h2>\n<h2><\/h2>\n<h2><\/h2>\n<h2><\/h2>\n<h2><strong><span style=\"color: #ff6600;\">Uso del Centro de Estudios del Parque<\/span><\/strong><\/h2>\n<p>\u200bDe uso solo para los\u00a0integrantes\u00a0de la Escuela. Siempre se deben hacer reservas por anticipado.<\/p>\n<h3><img loading=\"lazy\" decoding=\"async\" class=\"alignnone size-medium wp-image-1113\" src=\"https:\/\/www.parquealdama.org.mx-content\/uploads\/2018\/09\/centro-de-estudios-300x259.png\" alt=\"\" width=\"300\" height=\"259\" srcset=\"https:\/\/www.parquealdama.org.mx\/wp-content\/uploads\/2018\/09\/centro-de-estudios-300x259.png 300w, https:\/\/www.parquealdama.org.mx\/wp-content\/uploads\/2018\/09\/centro-de-estudios-768x664.png 768w, https:\/\/www.parquealdama.org.mx\/wp-content\/uploads\/2018\/09\/centro-de-estudios-1024x885.png 1024w, https:\/\/www.parquealdama.org.mx\/wp-content\/uploads\/2018\/09\/centro-de-estudios.png 1260w\" sizes=\"(max-width: 300px) 100vw, 300px\" \/><\/h3>\n<p>&nbsp;<\/p>\n<h2><strong><span style=\"color: #ff6600;\">\u200bRecomendaciones generales para el uso de Parque Aldama<\/span><\/strong><\/h2>\n<ul>\n<li>Dejar las instalaciones del Parque, en mejores condiciones que las encontradas.<\/li>\n<li>El sistema de drenaje es un biodigestor, por lo que es muy importante:\n<ul>\n<li>S\u00f3lo utilizar detergente biodegradable, No utilizar cloro, jabones, ni detergentes comunes en cocina y ba\u00f1os.<\/li>\n<li>No tirar el papel sanitario en las tazas del ba\u00f1o, sino en los botes, porque se tapa el biodigestor.<\/li>\n<\/ul>\n<\/li>\n<li>Al abandonar el Parque:\n<ul>\n<li>No dejar la basura, hay que llev\u00e1rsela.<\/li>\n<li>No dejar restos de comida en ning\u00fan sitio del Parque (refrigerador, alacenas y\/o cocina) ya que esto genera roedores y plagas.<\/li>\n<li>Verificar que las llaves y dep\u00f3sitos de agua est\u00e9n cerrados en cocina, lavabos y tazas del ba\u00f1o, as\u00ed como las llaves de gas.<\/li>\n<li>Depositar las cobijas y s\u00e1banas usadas en el bote de los dormitorios.<\/li>\n<li>Verificar que todas las puertas y ventanas est\u00e9n cerradas con seguro.<\/li>\n<\/ul>\n<\/li>\n<\/ul>\n<h3><\/h3>\n","protected":false},"excerpt":{"rendered":"<p>Uso del Centro de Trabajo y Taller de Oficios del Parque Para los organismos del Movimiento Humanista, para miembros de El Mensaje y para invitados. Siempre se deben hacer reservas por anticipado. \u200b Uso del Centro de Estudios del Parque \u200bDe uso solo para los\u00a0integrantes\u00a0de la Escuela. Siempre se deben hacer reservas por anticipado. &nbsp; [&hellip;]<\/p>\n","protected":false},"author":5,"featured_media":0,"parent":0,"menu_order":0,"comment_status":"closed","ping_status":"closed","template":"","meta":{"footnotes":""},"_links":{"self":[{"href":"https:\/\/www.parquealdama.org.mx\/index.php?rest_route=\/wp\/v2\/pages\/1072"}],"collection":[{"href":"https:\/\/www.parquealdama.org.mx\/index.php?rest_route=\/wp\/v2\/pages"}],"about":[{"href":"https:\/\/www.parquealdama.org.mx\/index.php?rest_route=\/wp\/v2\/types\/page"}],"author":[{"embeddable":true,"href":"https:\/\/www.parquealdama.org.mx\/index.php?rest_route=\/wp\/v2\/users\/5"}],"replies":[{"embeddable":true,"href":"https:\/\/www.parquealdama.org.mx\/index.php?rest_route=%2Fwp%2Fv2%2Fcomments&post=1072"}],"version-history":[{"count":0,"href":"https:\/\/www.parquealdama.org.mx\/index.php?rest_route=\/wp\/v2\/pages\/1072\/revisions"}],"wp:attachment":[{"href":"https:\/\/www.parquealdama.org.mx\/index.php?rest_route=%2Fwp%2Fv2%2Fmedia&parent=1072"}],"curies":[{"name":"wp","href":"https:\/\/api.w.org\/{rel}","templated":true}]}}