{"id":285,"date":"2018-03-08T17:51:21","date_gmt":"2018-03-08T17:51:21","guid":{"rendered":"https:\/\/www.parquealdama.org.mx\/?page_id=285"},"modified":"2018-06-20T03:40:21","modified_gmt":"2018-06-20T03:40:21","slug":"centro-de-estudios","status":"publish","type":"page","link":"https:\/\/www.parquealdama.org.mx\/?page_id=285","title":{"rendered":"Centro de Estudios"},"content":{"rendered":"<p>El Centro de Estudios es el centro de gravedad del plantel de Maestras y Maestros que velan por el desarrollo y la proyecci\u00f3n del Parque Aldama.\u00a0F\u00edsicamente dentro del Parque, es un lugar de inspiraci\u00f3n creado para brindarles las mejores condiciones a fin de profundizar su trabajo de meditaci\u00f3n en forma solitaria o mediante el intercambio con otros.<\/p>\n<p><img loading=\"lazy\" decoding=\"async\" class=\"wp-image-198 aligncenter\" src=\"https:\/\/www.parquealdama.org.mx-content\/uploads\/2018\/03\/ALDAMA-circulo-300x294.png\" alt=\"\" width=\"320\" height=\"314\" srcset=\"https:\/\/www.parquealdama.org.mx\/wp-content\/uploads\/2018\/03\/ALDAMA-circulo-300x294.png 300w, https:\/\/www.parquealdama.org.mx\/wp-content\/uploads\/2018\/03\/ALDAMA-circulo.png 321w\" sizes=\"(max-width: 320px) 100vw, 320px\" \/><\/p>\n<p>Virtualmente, en este espacio contamos con las siguientes secciones:<\/p>\n<ul>\n<li><a href=\"https:\/\/www.parquealdama.org.mx\/biblos1\/\"><strong><span style=\"color: #ff6600;\">Producciones:<\/span><\/strong><\/a> incluye los estudios y aportes realizados por Maestras y Maestros tanto del Parque Aldama, como de los diversos Parques de Estudio y Reflexi\u00f3n en distintas regiones del mundo.<\/li>\n<li><a href=\"https:\/\/www.parquealdama.org.mx\/nivelacion-y-disciplinas\/\"><strong><span style=\"color: #ff6600;\">Nivelaci\u00f3n y Disciplinas:<\/span> <\/strong><\/a>dedicada a ubicar los documentos de trabajo para quienes llevan a cabo estos procesos.<\/li>\n<li><a href=\"https:\/\/www.parquealdama.org.mx\/biblioteca\/\"><strong><span style=\"color: #ff6600;\">Biblioteca siloista b\u00e1sica:<\/span><\/strong><\/a> colecci\u00f3n b\u00e1sica de libros y audios descargables desarrollados por Silo<\/li>\n<li><a href=\"https:\/\/www.parquealdama.org.mx\/otros-escritos-de-autores-siloistas\/\"><strong><span style=\"color: #ff6600;\">Otros aportes:<\/span><\/strong><\/a> donde se podr\u00e1n encontrar m\u00faltiples y variados documentos realizados por amigas y amigos participantes del nuevo humanismo, del Mensaje de Silo y de los distintos frentes de acci\u00f3n inspirados en la obra de Silo.<\/li>\n<\/ul>\n<p>&nbsp;<\/p>\n","protected":false},"excerpt":{"rendered":"<p>El Centro de Estudios es el centro de gravedad del plantel de Maestras y Maestros que velan por el desarrollo y la proyecci\u00f3n del Parque Aldama.\u00a0F\u00edsicamente dentro del Parque, es un lugar de inspiraci\u00f3n creado para brindarles las mejores condiciones a fin de profundizar su trabajo de meditaci\u00f3n en forma solitaria o mediante el intercambio [&hellip;]<\/p>\n","protected":false},"author":1,"featured_media":0,"parent":0,"menu_order":0,"comment_status":"closed","ping_status":"closed","template":"","meta":{"footnotes":""},"_links":{"self":[{"href":"https:\/\/www.parquealdama.org.mx\/index.php?rest_route=\/wp\/v2\/pages\/285"}],"collection":[{"href":"https:\/\/www.parquealdama.org.mx\/index.php?rest_route=\/wp\/v2\/pages"}],"about":[{"href":"https:\/\/www.parquealdama.org.mx\/index.php?rest_route=\/wp\/v2\/types\/page"}],"author":[{"embeddable":true,"href":"https:\/\/www.parquealdama.org.mx\/index.php?rest_route=\/wp\/v2\/users\/1"}],"replies":[{"embeddable":true,"href":"https:\/\/www.parquealdama.org.mx\/index.php?rest_route=%2Fwp%2Fv2%2Fcomments&post=285"}],"version-history":[{"count":0,"href":"https:\/\/www.parquealdama.org.mx\/index.php?rest_route=\/wp\/v2\/pages\/285\/revisions"}],"wp:attachment":[{"href":"https:\/\/www.parquealdama.org.mx\/index.php?rest_route=%2Fwp%2Fv2%2Fmedia&parent=285"}],"curies":[{"name":"wp","href":"https:\/\/api.w.org\/{rel}","templated":true}]}}