{"id":289,"date":"2018-03-08T17:56:25","date_gmt":"2018-03-08T17:56:25","guid":{"rendered":"https:\/\/www.parquealdama.org.mx\/?page_id=289"},"modified":"2019-05-23T01:04:11","modified_gmt":"2019-05-23T01:04:11","slug":"silo","status":"publish","type":"page","link":"https:\/\/www.parquealdama.org.mx\/?page_id=289","title":{"rendered":"Silo"},"content":{"rendered":"<div id=\"WRchTxt1e-ob7\" class=\"txtNew\" data-packed=\"true\">\n<div id=\"WRchTxt19\" class=\"txtNew\" data-packed=\"true\">\n<h4><img loading=\"lazy\" decoding=\"async\" id=\"WPhtuimgimage\" class=\"alignnone\" src=\"https:\/\/static.wixstatic.com\/media\/47ccd2_3285bdf4f51d7fdbe8906383d9655871.png\/v1\/fill\/w_285,h_230,al_c,usm_0.66_1.00_0.01\/47ccd2_3285bdf4f51d7fdbe8906383d9655871.png\" alt=\"\" width=\"399\" height=\"322\" data-type=\"image\" \/><\/h4>\n<\/div>\n<p><iframe loading=\"lazy\" width=\"500\" height=\"281\" src=\"https:\/\/www.youtube.com\/embed\/a5ycOPby8yI?feature=oembed\" frameborder=\"0\" allow=\"accelerometer; autoplay; encrypted-media; gyroscope; picture-in-picture\" allowfullscreen><\/iframe><\/p>\n<p class=\"font_8\">Silo\u00a0(Mario Rodriguez Cobos) es el gu\u00eda espiritual que surge en este tiempo convulsionado, violento y desesperanzado. El mensaje que entreg\u00f3 es simple y profundo al mismo tiempo. Su obra ha trascendido todas las fronteras y tiene seguidores en las m\u00e1s diversas culturas de todos los continentes.<\/p>\n<p class=\"font_8\">En 1969 comenz\u00f3 la vida p\u00fablica de\u00a0Silo\u00a0con dos hechos fundamentales: una arenga ante un pu\u00f1ado de personas que dio el 4 de mayo en Punta de Vacas, un pueblito cordillerano situado en la frontera entre Argentina y Chile:\u00a0La curaci\u00f3n del sufrimiento. En ese mismo lugar escribi\u00f3\u00a0La Mirada Interna, libro publicado el a\u00f1o 1972.<\/p>\n<\/div>\n<p><iframe loading=\"lazy\" width=\"500\" height=\"281\" src=\"https:\/\/www.youtube.com\/embed\/giNoy9DocAg?feature=oembed\" frameborder=\"0\" allow=\"accelerometer; autoplay; encrypted-media; gyroscope; picture-in-picture\" allowfullscreen><\/iframe><\/p>\n<p>Ambos, la alocuci\u00f3n y el libro, son la piedra angular de su ense\u00f1anza. En la primera plantea la ra\u00edz del sufrimiento \u201c\u2026\u00fanicamente puedes acabar con la violencia en ti y en los dem\u00e1s y en el mundo que te rodea, por la fe interna y la meditaci\u00f3n interna\u2026\u201d mientras que en\u00a0La Mirada Interna desarrolla cual es el verdadero sentido de la vida. \u201cAqu\u00ed se cuenta c\u00f3mo al sinsentido de la vida se lo convierte en sentido y plenitud. Aqu\u00ed hay alegr\u00eda, amor al cuerpo, a la naturaleza, a la humanidad y al esp\u00edritu. Aqu\u00ed se reniega de los sacrificios, del sentimiento de culpa y de las amenazas de ultratumba. Aqu\u00ed no se opone lo terreno a lo eterno. Aqu\u00ed se habla de la revelaci\u00f3n interior a la que llega todo aquel que cuidadosamente medita en humilde b\u00fasqueda.\u201d<\/p>\n<div id=\"WRchTxt1e-ob7\" class=\"txtNew\" data-packed=\"true\">\n<p class=\"font_8\">Silo\u00a0dio charlas, conferencias y particip\u00f3 en encuentros masivos en los que expres\u00f3 sus puntos de vista y ense\u00f1anzas a cientos de miles de personas desde M\u00e9xico a Bombay, de Par\u00eds a Mosc\u00fa, de Manila a Copenhague, en Sri Lanka y en N\u00e1poles, Nueva York y Quito. Por todo el mundo se suman adherentes a sus planteos de esperanza, de posibilidad de cambio, de certeza en que el ser humano puede definitivamente devenir en un verdadero ser humano, dejando atr\u00e1s la prehistoria de sufrimiento, de nihilismo, de violencia. \u00ab&#8230;Pero a pesar de todo&#8230; A pesar de ese desgraciado encierro, algo leve como sonido lejano, algo leve como brisa amanecida, algo que comienza suavemente, se abre paso en el interior del ser humano&#8230;\u00bb<\/p>\n<p class=\"font_8\">Silo, adem\u00e1s, ha sido el inspirador de la nueva corriente llamada\u00a0Humanismo Universalista, l\u00ednea de pensamiento al mismo tiempo plural y convergente, que hace frente a la discriminaci\u00f3n, al fanatismo, a la explotaci\u00f3n y a la violencia.<\/p>\n<\/div>\n<hr \/>\n<div id=\"Vd4-3gs\" class=\"v1\">\n<div class=\"v1_left v1_shd\">\n<div id=\"WPhtu\" class=\"wp2\" title=\"\" data-exact-height=\"230\" data-content-padding-horizontal=\"0\" data-content-padding-vertical=\"0\">\n<div id=\"WPhtuimg\" class=\"wp2img\" data-style=\"\"><a href=\"http:\/\/www.silo.net\/es\"><img loading=\"lazy\" decoding=\"async\" class=\"wp-image-836 alignleft\" src=\"https:\/\/www.parquealdama.org.mx-content\/uploads\/2018\/05\/silonet-300x276.png\" alt=\"\" width=\"239\" height=\"220\" srcset=\"https:\/\/www.parquealdama.org.mx\/wp-content\/uploads\/2018\/05\/silonet-300x276.png 300w, https:\/\/www.parquealdama.org.mx\/wp-content\/uploads\/2018\/05\/silonet.png 637w\" sizes=\"(max-width: 239px) 100vw, 239px\" \/>\u00a0<\/a><a href=\"http:\/\/www.parquepuntadevacas.net\/arch.php\"><img loading=\"lazy\" decoding=\"async\" class=\"wp-image-832 alignright\" src=\"https:\/\/www.parquealdama.org.mx-content\/uploads\/2018\/05\/archivo-silo-1-284x300.png\" alt=\"\" width=\"204\" height=\"215\" srcset=\"https:\/\/www.parquealdama.org.mx\/wp-content\/uploads\/2018\/05\/archivo-silo-1-284x300.png 284w, https:\/\/www.parquealdama.org.mx\/wp-content\/uploads\/2018\/05\/archivo-silo-1.png 293w\" sizes=\"(max-width: 204px) 100vw, 204px\" \/><\/a><\/div>\n<\/div>\n<\/div>\n<\/div>\n<div id=\"footer-wrapper\" class=\"span-24 last\">\n<div id=\"footer\">\n<div id=\"right-footer-margin\" class=\"rss-logo\"><\/div>\n<\/div>\n<\/div>\n<div id=\"Vd4-3gs\" class=\"v1\">\n<div class=\"v1_right v1_shd\"><\/div>\n<\/div>\n<div tabindex=\"0\"><\/div>\n<div tabindex=\"0\"><\/div>\n<div tabindex=\"0\"><\/div>\n","protected":false},"excerpt":{"rendered":"<p>Silo\u00a0(Mario Rodriguez Cobos) es el gu\u00eda espiritual que surge en este tiempo convulsionado, violento y desesperanzado. El mensaje que entreg\u00f3 es simple y profundo al mismo tiempo. Su obra ha trascendido todas las fronteras y tiene seguidores en las m\u00e1s diversas culturas de todos los continentes. En 1969 comenz\u00f3 la vida p\u00fablica de\u00a0Silo\u00a0con dos hechos [&hellip;]<\/p>\n","protected":false},"author":1,"featured_media":0,"parent":0,"menu_order":0,"comment_status":"closed","ping_status":"closed","template":"","meta":{"footnotes":""},"_links":{"self":[{"href":"https:\/\/www.parquealdama.org.mx\/index.php?rest_route=\/wp\/v2\/pages\/289"}],"collection":[{"href":"https:\/\/www.parquealdama.org.mx\/index.php?rest_route=\/wp\/v2\/pages"}],"about":[{"href":"https:\/\/www.parquealdama.org.mx\/index.php?rest_route=\/wp\/v2\/types\/page"}],"author":[{"embeddable":true,"href":"https:\/\/www.parquealdama.org.mx\/index.php?rest_route=\/wp\/v2\/users\/1"}],"replies":[{"embeddable":true,"href":"https:\/\/www.parquealdama.org.mx\/index.php?rest_route=%2Fwp%2Fv2%2Fcomments&post=289"}],"version-history":[{"count":0,"href":"https:\/\/www.parquealdama.org.mx\/index.php?rest_route=\/wp\/v2\/pages\/289\/revisions"}],"wp:attachment":[{"href":"https:\/\/www.parquealdama.org.mx\/index.php?rest_route=%2Fwp%2Fv2%2Fmedia&parent=289"}],"curies":[{"name":"wp","href":"https:\/\/api.w.org\/{rel}","templated":true}]}}