{"id":297,"date":"2018-03-08T17:58:19","date_gmt":"2018-03-08T17:58:19","guid":{"rendered":"https:\/\/www.parquealdama.org.mx\/?page_id=297"},"modified":"2023-05-22T21:00:42","modified_gmt":"2023-05-22T21:00:42","slug":"el-parque-2","status":"publish","type":"page","link":"https:\/\/www.parquealdama.org.mx\/?page_id=297","title":{"rendered":"El parque"},"content":{"rendered":"<h2 style=\"text-align: left;\"><span style=\"color: #ff6600;\"><strong>\u00bfQu\u00e9 son estos Parques?<\/strong><\/span><\/h2>\n<p>Son espacios abiertos al Estudio y Reflexi\u00f3n, para profundizar en nosotros mismos y favorecer la no-discriminaci\u00f3n, el afecto y la reciprocidad en el trato a los dem\u00e1s.<\/p>\n<h2>\u00a0<\/h2>\n<h2>\u00a0<\/h2>\n<h2>\u00a0<\/h2>\n<h2 style=\"text-align: left;\"><strong><span style=\"color: #ff6600;\">El Parque cuenta con los siguientes elementos:<\/span><\/strong><\/h2>\n<hr \/>\n<h3><span style=\"color: #000000;\"><strong>El Portal<\/strong><\/span><\/h3>\n<p>Marca el l\u00edmite entre la externalidad del mundo y la interioridad del ser humano, buscando producir un cambio en el estado interno de todo aquel que entra a este lugar.<\/p>\n<p><img loading=\"lazy\" decoding=\"async\" class=\" wp-image-971 alignleft\" src=\"http:\/\/www.parquealdama.org.mx\/wp-content\/uploads\/2018\/06\/entrada-2-300x169.jpg\" alt=\"\" width=\"636\" height=\"358\" srcset=\"https:\/\/www.parquealdama.org.mx\/wp-content\/uploads\/2018\/06\/entrada-2-300x169.jpg 300w, https:\/\/www.parquealdama.org.mx\/wp-content\/uploads\/2018\/06\/entrada-2-768x433.jpg 768w, https:\/\/www.parquealdama.org.mx\/wp-content\/uploads\/2018\/06\/entrada-2-1024x577.jpg 1024w, https:\/\/www.parquealdama.org.mx\/wp-content\/uploads\/2018\/06\/entrada-2.jpg 1280w\" sizes=\"(max-width: 636px) 100vw, 636px\" \/><img loading=\"lazy\" decoding=\"async\" class=\"aligncenter wp-image-724\" src=\"https:\/\/www.parquealdama.org.mx-content\/uploads\/2018\/05\/portal-300x262.jpg\" alt=\"\" width=\"643\" height=\"561\" srcset=\"https:\/\/www.parquealdama.org.mx\/wp-content\/uploads\/2018\/05\/portal-300x262.jpg 300w, https:\/\/www.parquealdama.org.mx\/wp-content\/uploads\/2018\/05\/portal-768x671.jpg 768w, https:\/\/www.parquealdama.org.mx\/wp-content\/uploads\/2018\/05\/portal-1024x895.jpg 1024w\" sizes=\"(max-width: 643px) 100vw, 643px\" \/><\/p>\n<hr \/>\n<h3><strong>El Centro de Trabajo\u00a0<\/strong><\/h3>\n<p>Es el lugar donde se realizan retiros y jornadas de trabajo personal.<\/p>\n<p><img loading=\"lazy\" decoding=\"async\" class=\"wp-image-1112 alignleft\" src=\"http:\/\/www.parquealdama.org.mx\/wp-content\/uploads\/2018\/09\/centro-de-t-300x180.jpg\" alt=\"\" width=\"654\" height=\"392\" srcset=\"https:\/\/www.parquealdama.org.mx\/wp-content\/uploads\/2018\/09\/centro-de-t-300x180.jpg 300w, https:\/\/www.parquealdama.org.mx\/wp-content\/uploads\/2018\/09\/centro-de-t-768x461.jpg 768w, https:\/\/www.parquealdama.org.mx\/wp-content\/uploads\/2018\/09\/centro-de-t-1024x614.jpg 1024w, https:\/\/www.parquealdama.org.mx\/wp-content\/uploads\/2018\/09\/centro-de-t.jpg 2048w\" sizes=\"(max-width: 654px) 100vw, 654px\" \/><\/p>\n<p><img loading=\"lazy\" decoding=\"async\" class=\"aligncenter wp-image-890\" src=\"https:\/\/www.parquealdama.org.mx\/wp-content\/uploads\/2018\/05\/20180203_122227-1024x683.jpg\" alt=\"\" width=\"638\" height=\"425\" srcset=\"https:\/\/www.parquealdama.org.mx\/wp-content\/uploads\/2018\/05\/20180203_122227-1024x683.jpg 1024w, https:\/\/www.parquealdama.org.mx\/wp-content\/uploads\/2018\/05\/20180203_122227-300x200.jpg 300w, https:\/\/www.parquealdama.org.mx\/wp-content\/uploads\/2018\/05\/20180203_122227-768x512.jpg 768w, https:\/\/www.parquealdama.org.mx\/wp-content\/uploads\/2018\/05\/20180203_122227.jpg 2048w\" sizes=\"(max-width: 638px) 100vw, 638px\" \/><\/p>\n<hr \/>\n<h3><strong>La Fuente de Agua<\/strong><\/h3>\n<p>Representa aleg\u00f3ricamente la energ\u00eda por la fusi\u00f3n de los principios femenino y masculino.<\/p>\n<p><img loading=\"lazy\" decoding=\"async\" class=\"wp-image-1458 alignleft\" src=\"http:\/\/www.parquealdama.org.mx\/wp-content\/uploads\/2023\/05\/en-la-fuente-300x169.jpg\" alt=\"\" width=\"653\" height=\"368\" srcset=\"https:\/\/www.parquealdama.org.mx\/wp-content\/uploads\/2023\/05\/en-la-fuente-300x169.jpg 300w, https:\/\/www.parquealdama.org.mx\/wp-content\/uploads\/2023\/05\/en-la-fuente-1024x576.jpg 1024w, https:\/\/www.parquealdama.org.mx\/wp-content\/uploads\/2023\/05\/en-la-fuente-768x432.jpg 768w, https:\/\/www.parquealdama.org.mx\/wp-content\/uploads\/2023\/05\/en-la-fuente-1536x864.jpg 1536w, https:\/\/www.parquealdama.org.mx\/wp-content\/uploads\/2023\/05\/en-la-fuente.jpg 1600w\" sizes=\"(max-width: 653px) 100vw, 653px\" \/><\/p>\n<p><img loading=\"lazy\" decoding=\"async\" class=\"wp-image-239 aligncenter\" src=\"https:\/\/www.parquealdama.org.mx-content\/uploads\/2018\/03\/30-1-300x200.jpg\" alt=\"\" width=\"644\" height=\"429\" srcset=\"https:\/\/www.parquealdama.org.mx\/wp-content\/uploads\/2018\/03\/30-1-300x200.jpg 300w, https:\/\/www.parquealdama.org.mx\/wp-content\/uploads\/2018\/03\/30-1-768x512.jpg 768w, https:\/\/www.parquealdama.org.mx\/wp-content\/uploads\/2018\/03\/30-1-1024x683.jpg 1024w, https:\/\/www.parquealdama.org.mx\/wp-content\/uploads\/2018\/03\/30-1.jpg 2048w\" sizes=\"(max-width: 644px) 100vw, 644px\" \/><\/p>\n<hr \/>\n<h3><strong>El Taller de Oficios<\/strong><\/h3>\n<p>Lugar de trabajo para aprender a proporcionar internamente, a hacer equilibradamente.<\/p>\n<p><strong><br \/><\/strong><img loading=\"lazy\" decoding=\"async\" class=\"wp-image-543 aligncenter\" src=\"https:\/\/www.parquealdama.org.mx-content\/uploads\/2018\/04\/20150913_123351-300x196.jpg\" alt=\"\" width=\"640\" height=\"418\" srcset=\"https:\/\/www.parquealdama.org.mx\/wp-content\/uploads\/2018\/04\/20150913_123351-300x196.jpg 300w, https:\/\/www.parquealdama.org.mx\/wp-content\/uploads\/2018\/04\/20150913_123351-768x502.jpg 768w, https:\/\/www.parquealdama.org.mx\/wp-content\/uploads\/2018\/04\/20150913_123351-1024x669.jpg 1024w, https:\/\/www.parquealdama.org.mx\/wp-content\/uploads\/2018\/04\/20150913_123351.jpg 1519w\" sizes=\"(max-width: 640px) 100vw, 640px\" \/><\/p>\n<p><img loading=\"lazy\" decoding=\"async\" class=\"wp-image-579 aligncenter\" src=\"https:\/\/www.parquealdama.org.mx-content\/uploads\/2018\/04\/perfumeria-28-enero-2018-300x225.jpg\" alt=\"\" width=\"639\" height=\"480\" srcset=\"https:\/\/www.parquealdama.org.mx\/wp-content\/uploads\/2018\/04\/perfumeria-28-enero-2018-300x225.jpg 300w, https:\/\/www.parquealdama.org.mx\/wp-content\/uploads\/2018\/04\/perfumeria-28-enero-2018-768x576.jpg 768w, https:\/\/www.parquealdama.org.mx\/wp-content\/uploads\/2018\/04\/perfumeria-28-enero-2018-1024x768.jpg 1024w, https:\/\/www.parquealdama.org.mx\/wp-content\/uploads\/2018\/04\/perfumeria-28-enero-2018.jpg 1600w\" sizes=\"(max-width: 639px) 100vw, 639px\" \/><\/p>\n<hr \/>\n<h3><strong>El Monolito<\/strong><\/h3>\n<p>Construido completamente en acero inoxidable para reflejar la \u00e9poca actual, fija la coordenada del tiempo en que se fund\u00f3 este lugar y permite la alineaci\u00f3n del espacio.<\/p>\n<p><img loading=\"lazy\" decoding=\"async\" class=\"wp-image-972 aligncenter\" src=\"https:\/\/www.parquealdama.org.mx-content\/uploads\/2018\/06\/monolito-225x300.jpg\" alt=\"\" width=\"636\" height=\"848\" srcset=\"https:\/\/www.parquealdama.org.mx\/wp-content\/uploads\/2018\/06\/monolito-225x300.jpg 225w, https:\/\/www.parquealdama.org.mx\/wp-content\/uploads\/2018\/06\/monolito.jpg 720w\" sizes=\"(max-width: 636px) 100vw, 636px\" \/><img loading=\"lazy\" decoding=\"async\" class=\"aligncenter wp-image-1036\" src=\"https:\/\/www.parquealdama.org.mx\/wp-content\/uploads\/2018\/08\/WhatsApp-Image-2018-08-18-at-11.43.38-PM-225x300.jpeg\" alt=\"\" width=\"638\" height=\"851\" srcset=\"https:\/\/www.parquealdama.org.mx\/wp-content\/uploads\/2018\/08\/WhatsApp-Image-2018-08-18-at-11.43.38-PM-225x300.jpeg 225w, https:\/\/www.parquealdama.org.mx\/wp-content\/uploads\/2018\/08\/WhatsApp-Image-2018-08-18-at-11.43.38-PM.jpeg 768w\" sizes=\"(max-width: 638px) 100vw, 638px\" \/><\/p>\n<hr \/>\n<p><strong> \u00a0\u00a0<\/strong><\/p>\n<h3><strong>El Centro de Estudios<\/strong><\/h3>\n<p><img loading=\"lazy\" decoding=\"async\" class=\"wp-image-1035 aligncenter\" src=\"https:\/\/www.parquealdama.org.mx-content\/uploads\/2018\/08\/WhatsApp-Image-2018-08-18-at-11.40.59-PM-300x225.jpeg\" alt=\"\" width=\"349\" height=\"262\" srcset=\"https:\/\/www.parquealdama.org.mx\/wp-content\/uploads\/2018\/08\/WhatsApp-Image-2018-08-18-at-11.40.59-PM-300x225.jpeg 300w, https:\/\/www.parquealdama.org.mx\/wp-content\/uploads\/2018\/08\/WhatsApp-Image-2018-08-18-at-11.40.59-PM-768x576.jpeg 768w, https:\/\/www.parquealdama.org.mx\/wp-content\/uploads\/2018\/08\/WhatsApp-Image-2018-08-18-at-11.40.59-PM.jpeg 1024w\" sizes=\"(max-width: 349px) 100vw, 349px\" \/><\/p>\n<p>\u00c1mbito exclusivo donde Maestras y Maestros del Parque realizan sus pr\u00e1cticas y estudios.<\/p>\n<h3>\u00a0<\/h3>\n<hr \/>\n<h3><strong>La Sala<\/strong><\/h3>\n<p>Su interior simboliza el acceso a la experiencia interna profunda a trav\u00e9s de un espacio semiesf\u00e9rico vac\u00edo de \u00edconos, s\u00edmbolos o im\u00e1genes. Exteriormente, los muros hacen de enmarque de una esfera, que en su c\u00faspide indica la direcci\u00f3n hacia lo alto.<\/p>\n<p><img loading=\"lazy\" decoding=\"async\" class=\"wp-image-1410 alignleft\" src=\"http:\/\/www.parquealdama.org.mx\/wp-content\/uploads\/2018\/06\/00010-300x141.jpg\" alt=\"\" width=\"670\" height=\"315\" srcset=\"https:\/\/www.parquealdama.org.mx\/wp-content\/uploads\/2018\/06\/00010-300x141.jpg 300w, https:\/\/www.parquealdama.org.mx\/wp-content\/uploads\/2018\/06\/00010-1024x480.jpg 1024w, https:\/\/www.parquealdama.org.mx\/wp-content\/uploads\/2018\/06\/00010-768x360.jpg 768w, https:\/\/www.parquealdama.org.mx\/wp-content\/uploads\/2018\/06\/00010-1536x720.jpg 1536w, https:\/\/www.parquealdama.org.mx\/wp-content\/uploads\/2018\/06\/00010.jpg 1920w\" sizes=\"(max-width: 670px) 100vw, 670px\" \/><\/p>\n<p><img loading=\"lazy\" decoding=\"async\" class=\"alignleft wp-image-1399\" src=\"https:\/\/www.parquealdama.org.mx-content\/uploads\/2023\/01\/WhatsApp-Image-2023-01-06-at-7.43.45-PM-2-300x225.jpeg\" alt=\"\" width=\"672\" height=\"504\" srcset=\"https:\/\/www.parquealdama.org.mx\/wp-content\/uploads\/2023\/01\/WhatsApp-Image-2023-01-06-at-7.43.45-PM-2-300x225.jpeg 300w, https:\/\/www.parquealdama.org.mx\/wp-content\/uploads\/2023\/01\/WhatsApp-Image-2023-01-06-at-7.43.45-PM-2-1024x768.jpeg 1024w, https:\/\/www.parquealdama.org.mx\/wp-content\/uploads\/2023\/01\/WhatsApp-Image-2023-01-06-at-7.43.45-PM-2-768x576.jpeg 768w, https:\/\/www.parquealdama.org.mx\/wp-content\/uploads\/2023\/01\/WhatsApp-Image-2023-01-06-at-7.43.45-PM-2.jpeg 1040w\" sizes=\"(max-width: 672px) 100vw, 672px\" \/><\/p>\n<h3>\u00a0<\/h3>\n<p style=\"text-align: left;\">\u00a0<\/p>\n<p>\u00a0<\/p>\n<p>\u00a0<\/p>\n<p>\u00a0<\/p>\n<p>\u00a0<\/p>\n<p>\u00a0<\/p>\n<p>\u00a0<\/p>\n<p>\u00a0<\/p>\n<p>\u00a0<\/p>\n<p>\u00a0<\/p>\n<p>\u00a0<\/p>\n<p>\u00a0<\/p>\n<p>\u00a0<\/p>\n<p>\u00a0<\/p>\n<p>\u00a0<\/p>\n<p>\u00a0<\/p>\n<p>\u00a0<\/p>\n<hr \/>\n<h3 style=\"text-align: left;\"><strong>\u00a0<\/strong><\/h3>\n\n\n<h3 class=\"wp-block-heading\"><strong>La Estela o Muro de Reconocimiento<\/strong><\/h3>\n\n\n\n<p class=\"has-text-align-left\">En Proyecto. Estar\u00e1n en ella grabados los nombres de todos quienes contribuyeron a la construcci\u00f3n del Parque, del mismo modo en que las antiguas estelas mesopot\u00e1micas, egipcias, sumerias o mayas, esculpidas en piedra, dejaban testimonios de los acontecimientos o hechos significativos que sucedieron al momento de ser construidas.<\/p>\n","protected":false},"excerpt":{"rendered":"<p>\u00bfQu\u00e9 son estos Parques? Son espacios abiertos al Estudio y Reflexi\u00f3n, para profundizar en nosotros mismos y favorecer la no-discriminaci\u00f3n, el afecto y la reciprocidad en el trato a los dem\u00e1s. \u00a0 \u00a0 \u00a0 El Parque cuenta con los siguientes elementos: El Portal Marca el l\u00edmite entre la externalidad del mundo y la interioridad del [&hellip;]<\/p>\n","protected":false},"author":1,"featured_media":0,"parent":0,"menu_order":0,"comment_status":"closed","ping_status":"closed","template":"fullwidth.php","meta":{"footnotes":""},"_links":{"self":[{"href":"https:\/\/www.parquealdama.org.mx\/index.php?rest_route=\/wp\/v2\/pages\/297"}],"collection":[{"href":"https:\/\/www.parquealdama.org.mx\/index.php?rest_route=\/wp\/v2\/pages"}],"about":[{"href":"https:\/\/www.parquealdama.org.mx\/index.php?rest_route=\/wp\/v2\/types\/page"}],"author":[{"embeddable":true,"href":"https:\/\/www.parquealdama.org.mx\/index.php?rest_route=\/wp\/v2\/users\/1"}],"replies":[{"embeddable":true,"href":"https:\/\/www.parquealdama.org.mx\/index.php?rest_route=%2Fwp%2Fv2%2Fcomments&post=297"}],"version-history":[{"count":32,"href":"https:\/\/www.parquealdama.org.mx\/index.php?rest_route=\/wp\/v2\/pages\/297\/revisions"}],"predecessor-version":[{"id":1482,"href":"https:\/\/www.parquealdama.org.mx\/index.php?rest_route=\/wp\/v2\/pages\/297\/revisions\/1482"}],"wp:attachment":[{"href":"https:\/\/www.parquealdama.org.mx\/index.php?rest_route=%2Fwp%2Fv2%2Fmedia&parent=297"}],"curies":[{"name":"wp","href":"https:\/\/api.w.org\/{rel}","templated":true}]}}