{"id":67,"date":"2018-03-06T22:47:40","date_gmt":"2018-03-06T22:47:40","guid":{"rendered":"https:\/\/www.parquealdama.org.mx\/?page_id=67"},"modified":"2018-05-31T01:26:17","modified_gmt":"2018-05-31T01:26:17","slug":"biblioteca","status":"publish","type":"page","link":"https:\/\/www.parquealdama.org.mx\/?page_id=67","title":{"rendered":"Biblioteca Silo\u00edsta B\u00e1sica"},"content":{"rendered":"<p>&nbsp;<\/p>\n<h2><span style=\"color: #ff6600;\">Libros<\/span><\/h2>\n<p>&nbsp;<\/p>\n<p><a href=\"https:\/\/www.parquealdama.org.mx-content\/uploads\/2018\/04\/Apuntes_psic.pdf\" target=\"_blank\" rel=\"noopener\">\u00a0\u00a0Apuntes de Psicolog\u00eda\u00a0<img loading=\"lazy\" decoding=\"async\" class=\"alignnone size-medium wp-image-484\" src=\"https:\/\/www.parquealdama.org.mx-content\/uploads\/2018\/04\/apuntes-portada-213x300.jpg\" alt=\"\" width=\"213\" height=\"300\" srcset=\"https:\/\/www.parquealdama.org.mx\/wp-content\/uploads\/2018\/04\/apuntes-portada-213x300.jpg 213w, https:\/\/www.parquealdama.org.mx\/wp-content\/uploads\/2018\/04\/apuntes-portada.jpg 300w\" sizes=\"(max-width: 213px) 100vw, 213px\" \/>\u00a0<\/a><a href=\"https:\/\/www.parquealdama.org.mx-content\/uploads\/2018\/04\/Cartas_amigos.pdf\" target=\"_blank\" rel=\"noopener\">Cartas a mis amigos<\/a><a href=\"https:\/\/www.parquealdama.org.mx-content\/uploads\/2018\/04\/Habla_silo.pdf\"><img loading=\"lazy\" decoding=\"async\" class=\"alignnone size-medium wp-image-489\" src=\"https:\/\/www.parquealdama.org.mx-content\/uploads\/2018\/04\/Cartasamisamigos-portada-214x300.jpg\" alt=\"\" width=\"214\" height=\"300\" srcset=\"https:\/\/www.parquealdama.org.mx\/wp-content\/uploads\/2018\/04\/Cartasamisamigos-portada-214x300.jpg 214w, https:\/\/www.parquealdama.org.mx\/wp-content\/uploads\/2018\/04\/Cartasamisamigos-portada-768x1075.jpg 768w, https:\/\/www.parquealdama.org.mx\/wp-content\/uploads\/2018\/04\/Cartasamisamigos-portada-731x1024.jpg 731w, https:\/\/www.parquealdama.org.mx\/wp-content\/uploads\/2018\/04\/Cartasamisamigos-portada.jpg 1640w\" sizes=\"(max-width: 214px) 100vw, 214px\" \/>\u00a0<\/a><a href=\"https:\/\/www.parquealdama.org.mx-content\/uploads\/2018\/04\/Contribuciones_al-pensam.pdf\" target=\"_blank\" rel=\"noopener\">Contribuciones al pensamiento<\/a><a href=\"https:\/\/www.parquealdama.org.mx-content\/uploads\/2018\/04\/Apuntes_psic.pdf\" target=\"_blank\" rel=\"noopener\"><img loading=\"lazy\" decoding=\"async\" class=\"alignnone size-full wp-image-490\" src=\"https:\/\/www.parquealdama.org.mx-content\/uploads\/2018\/04\/contribuciones-portada.jpg\" alt=\"\" width=\"160\" height=\"246\" \/><\/a><\/p>\n<p><a href=\"https:\/\/www.parquealdama.org.mx-content\/uploads\/2018\/04\/Exp_guiadas.pdf\" target=\"_blank\" rel=\"noopener\">Experiencias guiadas<\/a><a href=\"https:\/\/www.parquealdama.org.mx-content\/uploads\/2018\/04\/Apuntes_psic.pdf\" target=\"_blank\" rel=\"noopener\"><img loading=\"lazy\" decoding=\"async\" class=\"alignnone size-full wp-image-486\" src=\"https:\/\/www.parquealdama.org.mx-content\/uploads\/2018\/04\/experiencias-g-portada.jpg\" alt=\"\" width=\"160\" height=\"246\" \/>\u00a0\u00a0<\/a><a href=\"https:\/\/www.parquealdama.org.mx-content\/uploads\/2018\/04\/Habla_silo.pdf\" target=\"_blank\" rel=\"noopener\">Habla Silo<\/a><a href=\"https:\/\/www.parquealdama.org.mx-content\/uploads\/2018\/04\/Apuntes_psic.pdf\" target=\"_blank\" rel=\"noopener\"><img loading=\"lazy\" decoding=\"async\" class=\"alignnone size-medium wp-image-487\" src=\"https:\/\/www.parquealdama.org.mx-content\/uploads\/2018\/04\/habla-s-portada.jpg\" alt=\"\" width=\"160\" height=\"246\" \/>\u00a0\u00a0\u00a0<\/a><a href=\"https:\/\/www.parquealdama.org.mx-content\/uploads\/2018\/04\/Humanizar_es.pdf\" target=\"_blank\" rel=\"noopener\">Humanizar la Tierra<\/a><a href=\"https:\/\/www.parquealdama.org.mx-content\/uploads\/2018\/04\/Apuntes_psic.pdf\" target=\"_blank\" rel=\"noopener\"><img loading=\"lazy\" decoding=\"async\" class=\"alignnone size-medium wp-image-488\" src=\"https:\/\/www.parquealdama.org.mx-content\/uploads\/2018\/04\/humanizar-portada.jpg\" alt=\"\" width=\"160\" height=\"246\" \/>\u00a0<\/a><\/p>\n<p><a href=\"https:\/\/www.parquealdama.org.mx-content\/uploads\/2018\/04\/Obras-Completas-I.pdf\">Obras Completas<\/a><\/p>\n<p><img loading=\"lazy\" decoding=\"async\" class=\" wp-image-492 alignleft\" src=\"https:\/\/www.parquealdama.org.mx-content\/uploads\/2018\/04\/obras-1-portada-221x300.jpg\" alt=\"\" width=\"158\" height=\"214\" srcset=\"https:\/\/www.parquealdama.org.mx\/wp-content\/uploads\/2018\/04\/obras-1-portada-221x300.jpg 221w, https:\/\/www.parquealdama.org.mx\/wp-content\/uploads\/2018\/04\/obras-1-portada.jpg 225w\" sizes=\"(max-width: 158px) 100vw, 158px\" \/><\/p>\n<p>&nbsp;<\/p>\n<p>&nbsp;<\/p>\n<p>&nbsp;<\/p>\n<p>&nbsp;<\/p>\n<p>&nbsp;<\/p>\n<p>&nbsp;<\/p>\n<hr \/>\n<h2><span style=\"color: #ff6600;\">Audios<\/span><\/h2>\n<table width=\"567\">\n<tbody>\n<tr>\n<td>\n<h4><span style=\"color: #000000;\"><a style=\"color: #000000;\" href=\"http:\/\/parquealdama.org\/doc\/01-Relax-Externo.mp3\" target=\"_blank\" rel=\"noopener\">R\u00e9lax externo (mp3)<\/a><\/span><\/h4>\n<\/td>\n<\/tr>\n<tr>\n<td>\n<h4><span style=\"color: #000000;\"><a style=\"color: #000000;\" href=\"http:\/\/parquealdama.org\/doc\/02-Relax-Interno.mp3\">R\u00e9lax interno (mp3)<\/a><\/span><\/h4>\n<\/td>\n<\/tr>\n<tr>\n<td>\n<h4><span style=\"color: #000000;\"><a style=\"color: #000000;\" href=\"http:\/\/parquealdama.org\/doc\/03-Relax-Mental.mp3\">R\u00e9lax mental (mp3)<\/a><\/span><\/h4>\n<\/td>\n<\/tr>\n<tr>\n<td>\n<h4><span style=\"color: #000000;\"><a style=\"color: #000000;\" href=\"http:\/\/parquealdama.org\/doc\/04-Experiencia-de-Paz.mp3\">Experiencia de paz (mp3)<\/a><\/span><\/h4>\n<\/td>\n<\/tr>\n<tr>\n<td>\n<h4><span style=\"color: #000000;\"><a style=\"color: #000000;\" href=\"http:\/\/parquealdama.org\/doc\/05-Avances-y-Retrocesos.mp3\">Avances y retrocesos (mp3)<\/a><\/span><\/h4>\n<\/td>\n<\/tr>\n<tr>\n<td>\n<h4><span style=\"color: #000000;\"><a style=\"color: #000000;\" href=\"http:\/\/parquealdama.org\/doc\/06-El-Ascenso.mp3\">El ascenso (mp3)<\/a><\/span><\/h4>\n<\/td>\n<\/tr>\n<tr>\n<td>\n<h4><span style=\"color: #000000;\"><a style=\"color: #000000;\" href=\"http:\/\/parquealdama.org\/doc\/07-El-Descenso.mp3\">El descenso (mp3)<\/a><\/span><\/h4>\n<\/td>\n<\/tr>\n<tr>\n<td>\n<h4><span style=\"color: #000000;\"><a style=\"color: #000000;\" href=\"http:\/\/parquealdama.org\/doc\/08-El-Trineo.mp3\">El trineo (mp3)<\/a><\/span><\/h4>\n<\/td>\n<\/tr>\n<tr>\n<td>\n<h4><span style=\"color: #000000;\"><a style=\"color: #000000;\" href=\"http:\/\/parquealdama.org\/doc\/09-Los-Disfraces.mp3\">Los disfraces (mp3)<\/a><\/span><\/h4>\n<\/td>\n<\/tr>\n<tr>\n<td>\n<h4><span style=\"color: #000000;\"><a style=\"color: #000000;\" href=\"http:\/\/parquealdama.org\/doc\/10-Las-Nubes.mp3\">Las nubes (mp3)<\/a><\/span><\/h4>\n<\/td>\n<\/tr>\n<tr>\n<td>\n<h4><span style=\"color: #000000;\"><a style=\"color: #000000;\" href=\"http:\/\/parquealdama.org\/doc\/11-El-Animal.mp3\">El animal (mp3)<\/a><\/span><\/h4>\n<\/td>\n<\/tr>\n<tr>\n<td>\n<h4><span style=\"color: #000000;\"><a style=\"color: #000000;\" href=\"http:\/\/parquealdama.org\/doc\/12-El-Enemigo.mp3\">El enemigo (mp3)<\/a><\/span><\/h4>\n<\/td>\n<\/tr>\n<tr>\n<td>\n<h4><span style=\"color: #000000;\"><a style=\"color: #000000;\" href=\"http:\/\/parquealdama.org\/doc\/13-El-nino.mp3\">El ni\u00f1o (mp3)<\/a><\/span><\/h4>\n<\/td>\n<\/tr>\n<tr>\n<td>\n<h4><span style=\"color: #000000;\"><a style=\"color: #000000;\" href=\"http:\/\/parquealdama.org\/doc\/14-La-Nostalgia.mp3\">La nostalgia (mp3)<\/a><\/span><\/h4>\n<\/td>\n<\/tr>\n<tr>\n<td>\n<h4><span style=\"color: #000000;\"><a style=\"color: #000000;\" href=\"http:\/\/parquealdama.org\/doc\/15-La-Pareja-Ideal.mp3\">La pareja ideal (mp3)<\/a><\/span><\/h4>\n<\/td>\n<\/tr>\n<tr>\n<td>\n<h4><span style=\"color: #000000;\"><a style=\"color: #000000;\" href=\"http:\/\/parquealdama.org\/doc\/16-El-Festival.mp3\">El festival (mp3)<\/a><\/span><\/h4>\n<\/td>\n<\/tr>\n<tr>\n<td>\n<h4><span style=\"color: #000000;\"><a style=\"color: #000000;\" href=\"http:\/\/parquealdama.org\/doc\/17-El-Viaje.mp3\">El viaje (mp3)<\/a><\/span><\/h4>\n<\/td>\n<\/tr>\n<tr>\n<td>\n<h4><span style=\"color: #000000;\"><a style=\"color: #000000;\" href=\"http:\/\/parquealdama.org\/doc\/18-La-Repeticion.mp3\">La repetici\u00f3n (mp3)<\/a><\/span><\/h4>\n<\/td>\n<\/tr>\n<tr>\n<td>\n<h4><span style=\"color: #000000;\"><a style=\"color: #000000;\" href=\"http:\/\/parquealdama.org\/doc\/19-Las-Falsas-Esperanzas.mp3\">Las falsas esperanzas (mp3)<\/a><\/span><\/h4>\n<\/td>\n<\/tr>\n<tr>\n<td>\n<h4><span style=\"color: #000000;\"><a style=\"color: #000000;\" href=\"http:\/\/parquealdama.org\/doc\/20-El-Minero.mp3\">El minero (mp3)<\/a><\/span><\/h4>\n<\/td>\n<\/tr>\n<tr>\n<td>\n<h4><span style=\"color: #000000;\"><a style=\"color: #000000;\" href=\"http:\/\/parquealdama.org\/doc\/21-El-Deshollinador.mp3\">El deshollinador (mp3)<\/a><\/span><\/h4>\n<\/td>\n<\/tr>\n<tr>\n<td>\n<h4><span style=\"color: #000000;\"><a style=\"color: #000000;\" href=\"http:\/\/parquealdama.org\/doc\/22-El-Gran-Error.mp3\">El gran error (mp3)<\/a><\/span><\/h4>\n<\/td>\n<\/tr>\n<tr>\n<td>\n<h4><span style=\"color: #000000;\"><a style=\"color: #000000;\" href=\"http:\/\/parquealdama.org\/doc\/23-La-Accion-Salvadora.mp3\">La acci\u00f3n salvadora (mp3)<\/a><\/span><\/h4>\n<\/td>\n<\/tr>\n<tr>\n<td>\n<h4><span style=\"color: #000000;\"><a style=\"color: #000000;\" href=\"http:\/\/parquealdama.org\/doc\/24-El-Resentimiento.mp3\">El resentimiento (mp3)<\/a><\/span><\/h4>\n<\/td>\n<\/tr>\n<tr>\n<td>\n<h4><span style=\"color: #000000;\"><a style=\"color: #000000;\" href=\"http:\/\/parquealdama.org\/doc\/25-La-Protectora-de-la-Vida.mp3\">La protectora de la vida (mp3)<\/a><\/span><\/h4>\n<\/td>\n<\/tr>\n<tr>\n<td>\n<h4><span style=\"color: #000000;\"><a style=\"color: #000000;\" href=\"http:\/\/parquealdama.org\/doc\/26-La-Muerte.mp3\">La muerte (mp3)<\/a><\/span><\/h4>\n<\/td>\n<\/tr>\n<tr>\n<td>\n<h4><span style=\"color: #000000;\"><a style=\"color: #000000;\" href=\"http:\/\/parquealdama.org\/doc\/27-La-Agonia.mp3\">La agon\u00eda (mp3)<\/a><\/span><\/h4>\n<\/td>\n<\/tr>\n<tr>\n<td>\n<h4><span style=\"color: #000000;\"><a style=\"color: #000000;\" href=\"http:\/\/parquealdama.org\/doc\/28-Configuracion-Guia-Interno.mp3\">La configuraci\u00f3n del Gu\u00eda Interno (mp3)<\/a><\/span><\/h4>\n<\/td>\n<\/tr>\n<tr>\n<td>\n<h4><span style=\"color: #000000;\"><a style=\"color: #000000;\" href=\"http:\/\/parquealdama.org\/doc\/29-Guia-Desorientacion.mp3\">La desorientaci\u00f3n y el Gu\u00eda Interno (mp3)<\/a><\/span><\/h4>\n<\/td>\n<\/tr>\n<tr>\n<td>\n<h4><span style=\"color: #000000;\"><a style=\"color: #000000;\" href=\"http:\/\/parquealdama.org\/doc\/30-Guia-Perturbacion.mp3\">La perturbaci\u00f3n y el Gu\u00eda Interno (mp3)<\/a><\/span><\/h4>\n<\/td>\n<\/tr>\n<\/tbody>\n<\/table>\n<p>&nbsp;<\/p>\n<p>&nbsp;<\/p>\n<p>&nbsp;<\/p>\n<p>&nbsp;<\/p>\n","protected":false},"excerpt":{"rendered":"<p>&nbsp; Libros &nbsp; \u00a0\u00a0Apuntes de Psicolog\u00eda\u00a0\u00a0Cartas a mis amigos\u00a0Contribuciones al pensamiento Experiencias guiadas\u00a0\u00a0Habla Silo\u00a0\u00a0\u00a0Humanizar la Tierra\u00a0 Obras Completas &nbsp; &nbsp; &nbsp; &nbsp; &nbsp; &nbsp; Audios R\u00e9lax externo (mp3) R\u00e9lax interno (mp3) R\u00e9lax mental (mp3) Experiencia de paz (mp3) Avances y retrocesos (mp3) El ascenso (mp3) El descenso (mp3) El trineo (mp3) Los disfraces (mp3) Las [&hellip;]<\/p>\n","protected":false},"author":1,"featured_media":0,"parent":0,"menu_order":0,"comment_status":"closed","ping_status":"closed","template":"","meta":{"footnotes":""},"_links":{"self":[{"href":"https:\/\/www.parquealdama.org.mx\/index.php?rest_route=\/wp\/v2\/pages\/67"}],"collection":[{"href":"https:\/\/www.parquealdama.org.mx\/index.php?rest_route=\/wp\/v2\/pages"}],"about":[{"href":"https:\/\/www.parquealdama.org.mx\/index.php?rest_route=\/wp\/v2\/types\/page"}],"author":[{"embeddable":true,"href":"https:\/\/www.parquealdama.org.mx\/index.php?rest_route=\/wp\/v2\/users\/1"}],"replies":[{"embeddable":true,"href":"https:\/\/www.parquealdama.org.mx\/index.php?rest_route=%2Fwp%2Fv2%2Fcomments&post=67"}],"version-history":[{"count":0,"href":"https:\/\/www.parquealdama.org.mx\/index.php?rest_route=\/wp\/v2\/pages\/67\/revisions"}],"wp:attachment":[{"href":"https:\/\/www.parquealdama.org.mx\/index.php?rest_route=%2Fwp%2Fv2%2Fmedia&parent=67"}],"curies":[{"name":"wp","href":"https:\/\/api.w.org\/{rel}","templated":true}]}}