{"id":78,"date":"2018-03-06T22:50:03","date_gmt":"2018-03-06T22:50:03","guid":{"rendered":"https:\/\/www.parquealdama.org.mx\/?page_id=78"},"modified":"2018-06-20T05:26:09","modified_gmt":"2018-06-20T05:26:09","slug":"otros-parques","status":"publish","type":"page","link":"https:\/\/www.parquealdama.org.mx\/?page_id=78","title":{"rendered":"Otros parques"},"content":{"rendered":"<p>Los Parques de estudio y reflexi\u00f3n son puertas de entrada al mundo mental de lo Profundo.<\/p>\n<div class=\"trescol\">\n<p>En ellos se realizan los trabajos de Escuela, un conjunto de estudios y pr\u00e1cticas que permiten acceder a experiencias de contacto con dimensiones internas rec\u00f3nditas.<\/p>\n<p>Esa profundidad no puede ser apresada por el lenguaje ni por las categor\u00edas del espacio-tiempo en el que creemos vivir. Sin embargo, en determinadas circunstancias, se hace accesible, se manifiesta o irrumpe en vivencias que conmueven nuestra conciencia y cambian decisivamente nuestras vidas. Experimentamos aquello que no tiene nombre pero s\u00ed significado, es el contacto con una profundidad insondable en que el espacio es infinito y el tiempo eterno. Aunque breves, estas experiencias son de grandes consecuencias porque nos dan sentido, alegr\u00eda y plenitud.<\/p>\n<p>Desde muy antiguo los seres humanos percibimos la trayectoria de nuestra vida y su finitud. Nos preguntamos de d\u00f3nde venimos y hacia d\u00f3nde vamos, y experimentamos la b\u00fasqueda de significados, al par que sentimos la necesidad de superar el dolor y el sufrimiento. Y siempre que la conciencia humana ha conseguido asomarse a la profundidad de la Mente, han surgido respuestas inspiradas y se han liberado grandes fuerzas. El arrobamiento de los enamorados, la inspiraci\u00f3n de los artistas y el \u00e9xtasis de los m\u00edsticos tienen en esa profundidad com\u00fan su fuente. De esas experiencias de lo \u00absagrado\u00bb nacen tambi\u00e9n las grandes corrientes religiosas y espirituales que han crecido en la historia.<\/p>\n<p>Distintas personas, distintas culturas, en diferentes momentos hist\u00f3ricos, han traducido la interioridad humana como paisajes po\u00e9ticos o m\u00edticos diversos y, en ocasiones, enfrentados. Sin embargo, todos ellos tienen en lo Profundo su oculto centro de gravedad. En este planeta nuestro, cuyas sociedades se mundializan velozmente, ser\u00e1 precisamente esa experiencia renovada de contacto con lo trascendente la que podr\u00e1 propiciar el reconocimiento y el encuentro espiritual entre los pueblos.<\/p>\n<p>\u00abEn algunos momentos de la historia se levanta un clamor, un desgarrador pedido de los individuos y los pueblos. Entonces, desde lo Profundo llega una se\u00f1al. Ojala esa se\u00f1al sea traducida con bondad en los tiempos que corren, sea traducida para superar el dolor y el sufrimiento. Porque detr\u00e1s de esa se\u00f1al est\u00e1n soplando los vientos del gran cambio\u00bb.\u00a0(Silo. Inauguraci\u00f3n del Parque de Estudio y Reflexi\u00f3n La Reja. 7 de mayo de 2005.)<\/p>\n<p>Los Parques de estudio y reflexi\u00f3n son lugares de encuentro e irradiaci\u00f3n de una nueva espiritualidad que rechaza toda forma de violencia y discriminaci\u00f3n y que apela a esa dimensi\u00f3n sagrada de la mente humana para encontrar libertad y sentido. Cualquier ser humano, sean cuales fueren sus creencias, puede participar de este camino afectivo, conmocionante y experiencial.<\/p>\n<p>Estos Parques se convierten para muchos en lugares que traducen un espacio-tiempo cargado de significado.<\/p>\n<p>Existen zonas de la mente que tienen un especial significado, y cuando conectamos o accedemos a ellas, se produce una gran conmoci\u00f3n interna. Son territorios con carga ps\u00edquica, que est\u00e1n ubicados en cierta altura y profundidad del espacio interno. As\u00ed, por ejemplo, en numerosas leyendas se habl\u00f3 de ciudades m\u00edticas, lugares donde viven las m\u00e1s hondas aspiraciones.\u00bbCiudades de los dioses adonde quisieron arribar numerosos h\u00e9roes de distintos pueblos; para\u00edsos en que dioses y hombres conviv\u00edan en original naturaleza transfigurada.\u00bb(Silo: Obras Completas. La Mirada Interna. XX. La Realidad Interior, p. 57. Ediciones Humanistas. 1998.)<\/p>\n<p>Cada pueblo tiene sus alegor\u00edas, y no podr\u00eda ser de otro modo, ya que son traducciones de significados no representables, realizados con la materia prima del paisaje cultural correspondiente en un tiempo dado.<\/p>\n<p>Estos lugares internos se relacionan o coinciden en ocasiones con lugares externos que toman as\u00ed la caracter\u00edstica de sacralidad por la importancia que tienen para nosotros, seg\u00fan la cultura de cada quien. Por eso peregrinamos a ellos para recibir la carga ps\u00edquica acumulada. En ellos queremos ser mejores, estar m\u00e1s conectados con nosotros mismos y con los dem\u00e1s.<\/p>\n<p>Los Parques de estudio y reflexi\u00f3n que van apareciendo en los cinco continentes se\u00f1alan la b\u00fasqueda y expresi\u00f3n de lo sagrado; es decir, de las mejores aspiraciones del ser humano que hoy se prepara para despertar de un profundo sue\u00f1o.<\/p>\n<p>Una nueva civilizaci\u00f3n est\u00e1 naciendo e ir\u00e1 teniendo su representaci\u00f3n en el mundo, que ser\u00e1 la traducci\u00f3n de esa realidad profunda.<\/p>\n<\/div>\n<p>&nbsp;<\/p>\n<p class=\"der\">Eduardo Gozalo<\/p>\n<p>&nbsp;<\/p>\n<p>&nbsp;<\/p>\n<h1><strong><span style=\"color: #ff6600;\">Parques de Estudio y Reflexi\u00f3n en el mundo<\/span><\/strong><\/h1>\n<hr \/>\n<div class=\"parques\"><a href=\"http:\/\/www.parquelareja.org\/\"><img loading=\"lazy\" decoding=\"async\" src=\"http:\/\/www.parquepuntadevacas.net\/images\/lareja_a.jpg\" alt=\"Parque La Reja\" width=\"163\" height=\"134\" \/><\/a><\/div>\n<div class=\"parques\">Parque la Reja. La Reja, Moreno, Buenos Aires, Argentina. Am\u00e9rica del Sur.\u00a0<a href=\"http:\/\/www.parquelareja.org\/\">www.parquelareja.org<\/a><\/div>\n<div><\/div>\n<div><\/div>\n<div class=\"parques\"><a href=\"http:\/\/www.parquemanantiales.org\/\"><img loading=\"lazy\" decoding=\"async\" src=\"http:\/\/www.parquepuntadevacas.net\/images\/manantiales_a.jpg\" alt=\"Parque Manantiales\" width=\"163\" height=\"134\" \/><\/a><\/div>\n<div class=\"parques\">Parque Manantiales. Santiago, Quinta Regi\u00f3n, Chile. Am\u00e9rica del Sur.\u00a0<a href=\"http:\/\/www.parquemanantiales.org\/\">www.parquemanantiales.org<\/a><\/div>\n<div><\/div>\n<div><\/div>\n<div class=\"parques\"><a href=\"http:\/\/www.parquecarcarana.org\/\"><img loading=\"lazy\" decoding=\"async\" src=\"http:\/\/www.parquepuntadevacas.net\/images\/carcarana_a.jpg\" alt=\"Parque Carcara\u00f1\u00e1\" width=\"163\" height=\"134\" \/><\/a><\/div>\n<div class=\"parques\">Parque Carcara\u00f1\u00e1. Lucio V. L\u00f3pez, Santa Fe, Argentina. Am\u00e9rica del Sur.\u00a0<a href=\"http:\/\/www.parquecarcarana.org\/\">www.parquecarcarana.org<\/a><\/div>\n<div><\/div>\n<div><\/div>\n<div class=\"parques\"><a href=\"http:\/\/parcocasagiorgi.org\/\"><img loading=\"lazy\" decoding=\"async\" src=\"http:\/\/www.parquepuntadevacas.net\/images\/casagiorgi_a.jpg\" alt=\"Parco Casa Giorgi\" width=\"163\" height=\"134\" \/><\/a><\/div>\n<div class=\"parques\">Parco Casa Giorgi. Roncaglie, Milano, Italia. Europa.\u00a0<a href=\"http:\/\/parcocasagiorgi.org\/\">parcocasagiorgi.org<\/a><\/div>\n<div><\/div>\n<div><\/div>\n<div class=\"parques\"><a href=\"http:\/\/www.parquecaucaia.org.br\/\"><img loading=\"lazy\" decoding=\"async\" src=\"http:\/\/www.parquepuntadevacas.net\/images\/caucaia_a.jpg\" alt=\"Parque Caucaia\" width=\"163\" height=\"134\" \/><\/a><\/div>\n<div class=\"parques\">Parque Caucaia. Caucaia do Alto, Cotia\/SP, Brasil. Am\u00e9rica del Sur.\u00a0<a href=\"http:\/\/www.parquecaucaia.org.br\/\">www.parquecaucaia.org.br<\/a><\/div>\n<div><\/div>\n<div><\/div>\n<div class=\"parques\"><a href=\"http:\/\/www.parquechaco.org\/\"><img loading=\"lazy\" decoding=\"async\" src=\"http:\/\/www.parquepuntadevacas.net\/images\/chaco_a.jpg\" alt=\"Parque Chaco\" width=\"163\" height=\"134\" \/><\/a><\/div>\n<div class=\"parques\">Parque Chaco. Resistencia, Chaco, Argentina. Am\u00e9rica del Sur.P\u00e1gina en internet:\u00a0<a href=\"http:\/\/www.parquechaco.org\/\">www.parquechaco.org<\/a><\/div>\n<div><\/div>\n<div><\/div>\n<div class=\"parques\"><a href=\"http:\/\/www.mikebudapark.org\/\"><img loading=\"lazy\" decoding=\"async\" src=\"http:\/\/www.parquepuntadevacas.net\/images\/mikebuda_a.jpg\" alt=\"Mikebuda Park\" width=\"163\" height=\"134\" \/><\/a><\/div>\n<div class=\"parques\">Mikebuda Park. Mikebuda, Budapest, Hungr\u00eda. Europa.P\u00e1gina en internet:\u00a0<a href=\"http:\/\/www.mikebudapark.org\/\">www.mikebudapark.org<\/a><\/div>\n<div><\/div>\n<div><\/div>\n<div class=\"parques\"><a href=\"http:\/\/www.parclabelleidee.fr\/\"><img loading=\"lazy\" decoding=\"async\" src=\"http:\/\/www.parquepuntadevacas.net\/images\/belleidee_a.jpg\" alt=\"Parc La Belle Ide\u00e9\" width=\"163\" height=\"134\" \/><\/a><\/div>\n<div class=\"parques\">Parc La Belle Ide\u00e9. Bassevelle, Paris, Francia. Europa.P\u00e1gina en internet:\u00a0<a href=\"http:\/\/www.parclabelleidee.fr\/\">www.parclabelleidee.fr<\/a><\/div>\n<div><\/div>\n<div><\/div>\n<div class=\"parques\"><a href=\"http:\/\/www.asianashram.in\/\"><img loading=\"lazy\" decoding=\"async\" src=\"http:\/\/www.parquepuntadevacas.net\/images\/asian_a.jpg\" alt=\"Asian Ashram\" width=\"163\" height=\"134\" \/><\/a><\/div>\n<div class=\"parques\">Asian AshramKandhroli, Raigarh District, Maharahstra State, India. Asia:\u00a0<a href=\"http:\/\/www.asianashram.in\/\">www.asianashram.in<\/a><\/div>\n<div><\/div>\n<div class=\"parques\"><a href=\"http:\/\/www.parquelaunion.org\/\"><img loading=\"lazy\" decoding=\"async\" src=\"http:\/\/www.parquepuntadevacas.net\/images\/launion_a.jpg\" alt=\"Parque La Uni\u00f3n\" width=\"163\" height=\"134\" \/><\/a><\/div>\n<div class=\"parques\">Parque La Uni\u00f3n. La Uni\u00f3n, Bogot\u00e1, Colombia. Am\u00e9rica del Sur:\u00a0<a href=\"http:\/\/www.parquelaunion.org\/\">www.parquelaunion.org<\/a><\/div>\n<div><\/div>\n<div><\/div>\n<div class=\"parques\"><a href=\"http:\/\/www.parcoattigliano.eu\/\"><img loading=\"lazy\" decoding=\"async\" src=\"http:\/\/www.parquepuntadevacas.net\/images\/attigliano_a.jpg\" alt=\"Parco Attigliano\" width=\"163\" height=\"134\" \/><\/a><\/div>\n<div class=\"parques\">Parco AttiglianoAttigliano, Roma, Italia. Europa:\u00a0<a href=\"http:\/\/www.parcoattigliano.eu\/\">www.parcoattigliano.eu<\/a><\/div>\n<div><\/div>\n<div><\/div>\n<div class=\"parques\"><a href=\"http:\/\/www.parquemontecillo.org\/\"><img loading=\"lazy\" decoding=\"async\" src=\"http:\/\/www.parquepuntadevacas.net\/images\/montecillo_a.jpg\" alt=\"Parque Montecillo\" width=\"163\" height=\"134\" \/><\/a><\/div>\n<div class=\"parques\">Parque Montecillo. Montecillo Bajo, Quillacollo, Cochabamba, Bolivia. Am\u00e9rica del Sur:\u00a0<a href=\"http:\/\/www.parquemontecillo.org\/\">www.parquemontecillo.org<\/a><\/div>\n<div><\/div>\n<div><\/div>\n<div class=\"parques\"><a href=\"http:\/\/www.parquepatagonianorte.net\/\"><img loading=\"lazy\" decoding=\"async\" src=\"http:\/\/www.parquepuntadevacas.net\/images\/patagonia_a.jpg\" alt=\"Parque Patagonia Norte\" width=\"163\" height=\"134\" \/><\/a><\/div>\n<div class=\"parques\">Parque Patagonia Norte. Centenario, Neuqu\u00e9n, Argentina. Am\u00e9rica del Sur:\u00a0<a href=\"http:\/\/www.parquepatagonianorte.net\/\">www.parquepatagonianorte<\/a><a href=\"http:\/\/www.parquepatagonianorte.net\/\">.net<\/a><\/div>\n<div><\/div>\n<div>\u00a0<img decoding=\"async\" src=\"http:\/\/www.parquepuntadevacas.net\/images\/piribebuy_a.jpg\" alt=\"Parque Piribebuy\" \/><\/div>\n<div class=\"parques\">Parque Piribebuy. Piribebuy, Paraguay. Am\u00e9rica del Sur:\u00a0<a href=\"http:\/\/www.parquepiribebuy.org\/\">www.parquepiribebuy.org<\/a><\/div>\n<div><\/div>\n<div><\/div>\n<div class=\"parques\"><a href=\"http:\/\/www.redbluffpark.org\/\"><img loading=\"lazy\" decoding=\"async\" src=\"http:\/\/www.parquepuntadevacas.net\/images\/redbluff_a.jpg\" alt=\"Red Bluff Park\" width=\"163\" height=\"134\" \/><\/a><\/div>\n<div class=\"parques\">Red Bluff Park. Red Bluff, California, United States. Am\u00e9rica del Norte:\u00a0www.redbluffpark.org<\/div>\n<div><\/div>\n<div><\/div>\n<div class=\"parques\"><a href=\"http:\/\/www.parquetoledo.org\/\"><img loading=\"lazy\" decoding=\"async\" src=\"http:\/\/www.parquepuntadevacas.net\/images\/toledo_a.jpg\" alt=\"Parque Toledo\" width=\"163\" height=\"134\" \/><\/a><\/div>\n<div class=\"parques\">Parque Toledo. Toledo, Espa\u00f1a. Europa:\u00a0<a href=\"http:\/\/www.parquetoledo.org\/\">www.parquetoledo.org<\/a><\/div>\n<div><\/div>\n<div><\/div>\n<div class=\"parques\"><a href=\"http:\/\/www.hudsonvalleypark.org\/\"><img loading=\"lazy\" decoding=\"async\" src=\"http:\/\/www.parquepuntadevacas.net\/images\/hudson_a.jpg\" alt=\"Hudson Valley Park\" width=\"163\" height=\"134\" \/><\/a><\/div>\n<div class=\"parques\">Hudson Valley Park. New York, United States. Am\u00e9rica del Norte:\u00a0<a href=\"http:\/\/www.hudsonvalleypark.org\/\">www.hudsonvalleypark.org<\/a><\/div>\n<div><\/div>\n<div><\/div>\n<div class=\"parques\"><a href=\"http:\/\/www.parkschlamau.org\/\"><img loading=\"lazy\" decoding=\"async\" src=\"http:\/\/www.parquepuntadevacas.net\/images\/wiesenburg_a.jpg\" alt=\"Park Schlamau\" width=\"163\" height=\"134\" \/><\/a><\/div>\n<div class=\"parques\">Park Schlamau. Schlamau, Wiesenburg, Berl\u00edn. Europa:\u00a0<a href=\"http:\/\/www.parkschlamau.org\/\">www.parkschlamau.org<\/a><\/div>\n<div><\/div>\n<div><\/div>\n<p><a href=\"http:\/\/parqueminho.org\/\"><img loading=\"lazy\" decoding=\"async\" src=\"http:\/\/www.parquepuntadevacas.net\/images\/minho_a.jpg\" alt=\"Parque Minho\" width=\"163\" height=\"134\" \/><\/a><\/p>\n<p>Parque Minho. P\u00f3voa de Lanhoso, Portugal. Europa:\u00a0<a href=\"http:\/\/parqueminho.org\/\">parqueminho.org<\/a><\/p>\n<p>&nbsp;<\/p>\n<div class=\"parques\"><a href=\"http:\/\/www.parqueihuanco.org\/\"><img loading=\"lazy\" decoding=\"async\" src=\"http:\/\/www.parquepuntadevacas.net\/images\/ihuanco_a.jpg\" alt=\"Parque Ihuanco\" width=\"163\" height=\"134\" \/><\/a><\/div>\n<div class=\"parques\">Parque Ihuanco. Cerro Azul, Ca\u00f1ete, Lima, Per\u00fa. Am\u00e9rica del Sur:\u00a0<a href=\"http:\/\/www.parqueihuanco.org\/\">www.parqueihuanco.org<\/a><\/div>\n<div><\/div>\n<div><\/div>\n<div class=\"parques\"><a href=\"http:\/\/parquealoasi.com\/\"><img loading=\"lazy\" decoding=\"async\" src=\"http:\/\/www.parquepuntadevacas.net\/images\/aloasi_a.jpg\" alt=\"Parque Aloas\u00ed\" width=\"163\" height=\"134\" \/><\/a><\/div>\n<div class=\"parques\">Parque Aloas\u00ed. Aloas\u00ed, Ecuador. Am\u00e9rica del Sur:\u00a0<a href=\"http:\/\/parquealoasi.com\/\">parquealoasi.com<\/a><\/div>\n<div><\/div>\n<div><\/div>\n<div class=\"parques\"><a href=\"http:\/\/www.parcodena.org\/\"><img loading=\"lazy\" decoding=\"async\" src=\"http:\/\/www.parquepuntadevacas.net\/images\/odena_a.jpg\" alt=\"Parc \u00d2dena\" width=\"163\" height=\"134\" \/><\/a><\/div>\n<div class=\"parques\">Parc \u00d2dena. \u00d2dena. Barcelona. Catalu\u00f1a. Espa\u00f1a. Europa:\u00a0<a href=\"http:\/\/www.parcodena.org\/\">www.parcodena.org<\/a><\/div>\n<div><\/div>\n<div><\/div>\n<div class=\"parques\"><a href=\"http:\/\/www.parkpravikov.cz\/\"><img loading=\"lazy\" decoding=\"async\" src=\"http:\/\/www.parquepuntadevacas.net\/images\/pravikov_a.jpg\" alt=\"Park Pravikov\" width=\"163\" height=\"134\" \/><\/a><\/div>\n<div class=\"parques\">Park Pravikov. Pravikov, Kamenice Nad Lipou, Ceska Republika, Europa:\u00a0<a href=\"http:\/\/www.parkpravikov.cz\/\">www.parkpravikov.cz<\/a><\/div>\n<div><\/div>\n<div><\/div>\n<div class=\"parques\"><a href=\"http:\/\/www.parqueparavachasca.org\/\"><img loading=\"lazy\" decoding=\"async\" src=\"http:\/\/www.parquepuntadevacas.net\/images\/paravachasca_a.jpg\" alt=\"Parque Paravachasca\" width=\"163\" height=\"134\" \/><\/a><\/div>\n<div class=\"parques\">Parque Paravachasca. Paravachasca, C\u00f3rdoba, Argentina. Am\u00e9rica del Sur:\u00a0<a href=\"http:\/\/www.parqueparavachasca.org\/\">www.parqueparavachasca.org<\/a><\/div>\n<div><\/div>\n<div><\/div>\n<div class=\"parques\"><a href=\"http:\/\/parquenavasdelrey.org\/\"><img loading=\"lazy\" decoding=\"async\" src=\"http:\/\/www.parquepuntadevacas.net\/images\/navas_a.jpg\" alt=\"Parque Navas del Rey\" width=\"163\" height=\"134\" \/><\/a><\/div>\n<div class=\"parques\">Parque Navas del Rey. Navas del Rey, Madrid, Espa\u00f1a. Europa:\u00a0<a href=\"http:\/\/parquenavasdelrey.org\/\">parquenavasdelrey.org<\/a><\/div>\n<div><\/div>\n<div><\/div>\n<div class=\"parques\"><a href=\"http:\/\/www.parqueretiro.org.br\/\"><img loading=\"lazy\" decoding=\"async\" src=\"http:\/\/www.parquepuntadevacas.net\/images\/retiro_a.jpg\" alt=\"Parque Retiro\" width=\"163\" height=\"134\" \/><\/a><\/div>\n<div class=\"parques\">Parque Retiro. Retiro, R\u00edo de Janeiro, Brasil. Am\u00e9rica del Sur:\u00a0<a href=\"http:\/\/www.parqueretiro.org.br\/\">www.parqueretiro.org.br<\/a><\/div>\n<div><\/div>\n<div><\/div>\n<div class=\"parques\"><a href=\"http:\/\/www.parquebosques.org\/\"><img loading=\"lazy\" decoding=\"async\" src=\"http:\/\/www.parquepuntadevacas.net\/images\/bosques_a.jpg\" alt=\"Parque Bosques\" width=\"163\" height=\"134\" \/><\/a><\/div>\n<div class=\"parques\">Parque Bosques. Bosques, Florencio Varela, Buenos Aires, Argentina. Am\u00e9rica del Sur:\u00a0<a href=\"http:\/\/www.parquebosques.org\/\">www.parquebosques.org<\/a><\/div>\n<div><\/div>\n<div class=\"parques\"><\/div>\n<div class=\"parques\"><a href=\"http:\/\/www.parquelasnubes.net\/\"><img loading=\"lazy\" decoding=\"async\" src=\"http:\/\/www.parquepuntadevacas.net\/images\/lasnubes_a.jpg\" alt=\"Parque Las Nubes\" width=\"163\" height=\"134\" \/><\/a><\/div>\n<div class=\"parques\">Parque Las Nubes. Los \u00c1ngeles norte, San Ram\u00f3n de Alajuela, Costa Rica. Am\u00e9rica Central:\u00a0<a href=\"http:\/\/www.parquelasnubes.org\/\">www.parquelasnubes.org<\/a><\/div>\n<div><\/div>\n<div><\/div>\n<div class=\"parques\"><a href=\"http:\/\/parqueelremanso.cl\/\"><img loading=\"lazy\" decoding=\"async\" src=\"http:\/\/www.parquepuntadevacas.net\/images\/elremanso_a.jpg\" alt=\"Parque El Remanso\" width=\"163\" height=\"134\" \/><\/a><\/div>\n<div class=\"parques\">Parque El Remanso. Km 200 de la 5 Sur, 1.5 km a Santa Rosa, Sagrada Familia, Curico, Chile. Am\u00e9rica del Sur:\u00a0<a href=\"http:\/\/parqueelremanso.cl\/\">parqueelremanso.cl<br \/>\n<\/a><\/div>\n<div><\/div>\n<div><\/div>\n<div class=\"parques\"><a href=\"http:\/\/www.parque-del-desierto.org\/\"><img loading=\"lazy\" decoding=\"async\" src=\"http:\/\/www.parquepuntadevacas.net\/images\/parque_tamarugal.jpg\" alt=\"Parque del Desierto - Tamarugal\" width=\"163\" height=\"134\" \/><\/a><\/div>\n<div class=\"parques\">Parque del Desierto. Ruta a Pica Km 23.5, Pampa del Tamarugal, comuna de Pozo Almonte, Tarapac\u00e1, Chile. Am\u00e9rica del Sur:\u00a0<a href=\"http:\/\/www.parque-del-desierto.org\/\">www.parque-del-desierto.org<\/a><\/div>\n<div><\/div>\n<div><\/div>\n<div class=\"parques\"><a href=\"http:\/\/www.parquejoquicingo.org\/\"><img loading=\"lazy\" decoding=\"async\" src=\"http:\/\/www.parquepuntadevacas.net\/images\/parque_joquicingo.jpg\" alt=\"Parque Joquicingo - Estado de M\u00e9xico\" width=\"163\" height=\"134\" \/><\/a><\/div>\n<div class=\"parques\">Parque Joquicingo. A la salida del pueblo Joquicingo en la carretera hacia Malinalco, Estado de M\u00e9xico. M\u00e9xico. Am\u00e9rica del Norte:\u00a0<a href=\"http:\/\/www.parquejoquicingo.org\/\">www.parquejoquicingo.org\/<\/a><\/div>\n<div><\/div>\n<div><\/div>\n<div class=\"parques\"><a href=\"http:\/\/www.parquecincosaltos.net\/\"><img loading=\"lazy\" decoding=\"async\" src=\"http:\/\/www.parquepuntadevacas.net\/images\/Parque_Cinco_Saltos.jpg\" alt=\"Parque Cinco Saltos - R\u00edo Negro - Patagonia Argentina\" width=\"163\" height=\"134\" \/><\/a><\/div>\n<div class=\"parques\">Parque Cinco Saltos. Ruta Provincial 70, Lago Pellegrini. R\u00edo Negro- Patagonia Argentina:\u00a0<a href=\"http:\/\/www.parquecincosaltos.net\/\">www.parquecincosaltos.net\/<\/a><\/div>\n<div><\/div>\n<div><\/div>\n<div class=\"parques\"><a href=\"http:\/\/www.parquechapadmalal.org\/\"><img loading=\"lazy\" decoding=\"async\" src=\"http:\/\/www.parquepuntadevacas.net\/images\/parque_chapadmalal.jpg\" alt=\"Parque Chapadmalal - Buenos Aires - Argentina\" width=\"163\" height=\"134\" \/><\/a><\/div>\n<div class=\"parques\">Parque Chapadmalal. Calle F\/515 esq. calle D, Estaci\u00f3n Chapadmalal, 7605 Bat\u00e1n, Buenos Aires, Argentina:<a href=\"http:\/\/www.parquechapadmalal.org\/\">www.parquechapadmalal.org<\/a><\/div>\n<div><\/div>\n<p><a href=\"http:\/\/www.parquelapampa.org\/\"><img loading=\"lazy\" decoding=\"async\" src=\"http:\/\/www.parquepuntadevacas.net\/images\/parque_la_pampa.jpg\" alt=\"Parque La Pampa - La Pampa - Argentina\" width=\"163\" height=\"134\" \/><\/a><\/p>\n<p>Parque La Pampa. Ruta Nacional N\u00b0 5 Km 582, La Pampa, Argentina:\u00a0<a href=\"http:\/\/www.parquelapampa.org\/\">www.parquelapampa.org<\/a><\/p>\n<p>&nbsp;<\/p>\n<p>&nbsp;<\/p>\n<p>&nbsp;<\/p>\n","protected":false},"excerpt":{"rendered":"<p>Los Parques de estudio y reflexi\u00f3n son puertas de entrada al mundo mental de lo Profundo. En ellos se realizan los trabajos de Escuela, un conjunto de estudios y pr\u00e1cticas que permiten acceder a experiencias de contacto con dimensiones internas rec\u00f3nditas. Esa profundidad no puede ser apresada por el lenguaje ni por las categor\u00edas del [&hellip;]<\/p>\n","protected":false},"author":1,"featured_media":0,"parent":0,"menu_order":0,"comment_status":"closed","ping_status":"closed","template":"","meta":{"footnotes":""},"_links":{"self":[{"href":"https:\/\/www.parquealdama.org.mx\/index.php?rest_route=\/wp\/v2\/pages\/78"}],"collection":[{"href":"https:\/\/www.parquealdama.org.mx\/index.php?rest_route=\/wp\/v2\/pages"}],"about":[{"href":"https:\/\/www.parquealdama.org.mx\/index.php?rest_route=\/wp\/v2\/types\/page"}],"author":[{"embeddable":true,"href":"https:\/\/www.parquealdama.org.mx\/index.php?rest_route=\/wp\/v2\/users\/1"}],"replies":[{"embeddable":true,"href":"https:\/\/www.parquealdama.org.mx\/index.php?rest_route=%2Fwp%2Fv2%2Fcomments&post=78"}],"version-history":[{"count":0,"href":"https:\/\/www.parquealdama.org.mx\/index.php?rest_route=\/wp\/v2\/pages\/78\/revisions"}],"wp:attachment":[{"href":"https:\/\/www.parquealdama.org.mx\/index.php?rest_route=%2Fwp%2Fv2%2Fmedia&parent=78"}],"curies":[{"name":"wp","href":"https:\/\/api.w.org\/{rel}","templated":true}]}}